{"id":10,"date":"2024-01-26T14:01:30","date_gmt":"2024-01-26T14:01:30","guid":{"rendered":"https:\/\/csla-arac.ca\/home\/"},"modified":"2025-10-27T15:59:35","modified_gmt":"2025-10-27T15:59:35","slug":"home","status":"publish","type":"page","link":"https:\/\/csla-arac.ca\/fr\/","title":{"rendered":"\u00c0 propos d'ARAC"},"content":{"rendered":"<p style=\"margin-top:-70px;\">\n\n\n\n<div class=\"wp-block-group has-global-padding is-layout-constrained wp-block-group-is-layout-constrained\">\n<div class=\"wp-block-media-text is-stacked-on-mobile is-vertically-aligned-center\" style=\"grid-template-columns:44% auto\"><figure class=\"wp-block-media-text__media\"><img loading=\"lazy\" decoding=\"async\" width=\"1024\" height=\"647\" src=\"https:\/\/csla-arac.ca\/wp-content\/uploads\/2024\/02\/Community.jpg\" alt=\"\" class=\"wp-image-84 size-full\" srcset=\"https:\/\/csla-arac.ca\/wp-content\/uploads\/2024\/02\/Community.jpg 1024w, https:\/\/csla-arac.ca\/wp-content\/uploads\/2024\/02\/Community-300x190.jpg 300w, https:\/\/csla-arac.ca\/wp-content\/uploads\/2024\/02\/Community-18x12.jpg 18w\" sizes=\"auto, (max-width: 1024px) 100vw, 1024px\" \/><\/figure><div class=\"wp-block-media-text__content\">\n<p class=\"has-text-align-center\" style=\"font-size:20px\">L'Association des r\u00e9sidences pour a\u00een\u00e9s du Canada (ARAC) fut fond\u00e9e en 2024 par <a href=\"https:\/\/www.rqra.qc.ca\">Regroupement qu\u00e9b\u00e9cois des r\u00e9sidences pour a\u00een\u00e9s (RQRA)<\/a>, <a href=\"https:\/\/orcaretirement.com\/\"><a href=\"https:\/\/orcaretirement.com\">Ontario Retirement Communities Association<\/a> (ORCA)<\/a> , <a href=\"https:\/\/ascha.com\/\">Alberta Senior and Community Housing Association<\/a> (ASCHA), et <a href=\"https:\/\/bccare.ca\/\">BC Care Providers Association<\/a> . Ensemble, nous promouvons des changements et nous intervenons sur des enjeux d'int\u00e9r\u00eats \u00e0 l'\u00e9chelle nationale.<\/p>\n<\/div><\/div>\n<\/div>\n\n\n\n<div style=\"height:24px\" aria-hidden=\"true\" class=\"wp-block-spacer\"><\/div>\n\n\n\n<figure class=\"wp-block-image aligncenter size-large is-resized\"><img loading=\"lazy\" decoding=\"async\" width=\"1024\" height=\"256\" src=\"https:\/\/csla-arac.ca\/wp-content\/uploads\/2025\/10\/CSLA-Home-Page-Banner-2025-1024x256.jpg\" alt=\"\" class=\"wp-image-884\" style=\"width:1032px;height:auto\" srcset=\"https:\/\/csla-arac.ca\/wp-content\/uploads\/2025\/10\/CSLA-Home-Page-Banner-2025-1024x256.jpg 1024w, https:\/\/csla-arac.ca\/wp-content\/uploads\/2025\/10\/CSLA-Home-Page-Banner-2025-300x75.jpg 300w, https:\/\/csla-arac.ca\/wp-content\/uploads\/2025\/10\/CSLA-Home-Page-Banner-2025-18x5.jpg 18w, https:\/\/csla-arac.ca\/wp-content\/uploads\/2025\/10\/CSLA-Home-Page-Banner-2025.jpg 1200w\" sizes=\"auto, (max-width: 1024px) 100vw, 1024px\" \/><\/figure>\n\n\n\n<div style=\"height:12px\" aria-hidden=\"true\" class=\"wp-block-spacer\"><\/div>\n\n\n\n<hr class=\"wp-block-separator has-alpha-channel-opacity\"\/>\n\n\n\n<p style=\"font-size:25px\"><span style=\"color: #054453;\"><strong>POUR NOUS JOINDRE<\/strong><\/span><\/p>\n\n\n\n<p style=\"margin-top:-20px;\">\n\n\n\n<div class=\"wp-block-group has-global-padding is-layout-constrained wp-block-group-is-layout-constrained\">\n<div class=\"wp-block-columns are-vertically-aligned-center is-layout-flex wp-container-core-columns-is-layout-28f84493 wp-block-columns-is-layout-flex\">\n<div class=\"wp-block-column is-vertically-aligned-center is-layout-flow wp-block-column-is-layout-flow\">\n<p style=\"font-size:18px\">L'Association des r\u00e9sidences pour a\u00een\u00e9s du Canada <\/p>\n\n\n\n<p style=\"font-size:18px\">360, prom. Oakville Place, pi\u00e8ce 101<br>Oakville (Ontario) L6H 6K8<br><br>Courriel: <a href=\"mailto:example@example.com\">info@csla-arac.ca<\/a><\/p>\n\n\n\n<ul class=\"wp-block-social-links has-icon-color is-style-logos-only is-layout-flex wp-block-social-links-is-layout-flex\"><li style=\"color:#000000;\" class=\"wp-social-link wp-social-link-linkedin has-black-color wp-block-social-link\"><a href=\"https:\/\/www.linkedin.com\/company\/canadian-senior-living-association\" class=\"wp-block-social-link-anchor\"><svg width=\"24\" height=\"24\" viewbox=\"0 0 24 24\" version=\"1.1\" xmlns=\"http:\/\/www.w3.org\/2000\/svg\" aria-hidden=\"true\" focusable=\"false\"><path d=\"M19.7,3H4.3C3.582,3,3,3.582,3,4.3v15.4C3,20.418,3.582,21,4.3,21h15.4c0.718,0,1.3-0.582,1.3-1.3V4.3 C21,3.582,20.418,3,19.7,3z M8.339,18.338H5.667v-8.59h2.672V18.338z M7.004,8.574c-0.857,0-1.549-0.694-1.549-1.548 c0-0.855,0.691-1.548,1.549-1.548c0.854,0,1.547,0.694,1.547,1.548C8.551,7.881,7.858,8.574,7.004,8.574z M18.339,18.338h-2.669 v-4.177c0-0.996-0.017-2.278-1.387-2.278c-1.389,0-1.601,1.086-1.601,2.206v4.249h-2.667v-8.59h2.559v1.174h0.037 c0.356-0.675,1.227-1.387,2.526-1.387c2.703,0,3.203,1.779,3.203,4.092V18.338z\"><\/path><\/svg><span class=\"wp-block-social-link-label screen-reader-text\">LinkedIn<\/span><\/a><\/li><\/ul>\n<\/div>\n\n\n\n<div class=\"wp-block-column is-vertically-aligned-center is-layout-flow wp-block-column-is-layout-flow\">\n<div style=\"height:68px\" aria-hidden=\"true\" class=\"wp-block-spacer\"><\/div>\n\n\n\n<iframe src=\"https:\/\/www.google.com\/maps\/embed?pb=!1m18!1m12!1m3!1d2895.8305190248752!2d-79.68690072347704!3d43.46413536463796!2m3!1f0!2f0!3f0!3m2!1i1024!2i768!4f13.1!3m3!1m2!1s0x882b5cdb4983dabd%3A0x67bda3c0fd5fcf9a!2s360%20Oakville%20Pl%20Dr%2C%20Oakville%2C%20ON%20L6H%206K8!5e0!3m2!1sen!2sca!4v1708632975004!5m2!1sen!2sca\" width=\"600\" height=\"400\" style=\"border:0;\" allowfullscreen=\"\" loading=\"lazy\" referrerpolicy=\"no-referrer-when-downgrade\"><\/iframe>\n<\/div>\n<\/div>\n<\/div>","protected":false},"excerpt":{"rendered":"<p>The Canadian Senior Living Association (CSLA) was founded in 2024 by the BC Care Providers Association, the Alberta Seniors and Community Housing Association (ASCHA), the Ontario Retirement Communities Association (ORCA), and le Regroupement qu\u00e9b\u00e9cois des r\u00e9sidences pour a\u00een\u00e9s (RQRA). Together, we advocate for seniors&#8217; issues on a national scale. CONTACT US Canadian Senior Living Association &hellip; <\/p>\n<p class=\"link-more\"><a href=\"https:\/\/csla-arac.ca\/fr\/\" class=\"more-link\">Read more<span class=\"screen-reader-text\"> &#8220;About CSLA&#8221;<\/span><\/a><\/p>","protected":false},"author":1,"featured_media":22,"parent":0,"menu_order":0,"comment_status":"closed","ping_status":"closed","template":"","meta":{"_coblocks_attr":"ArialLato,","_coblocks_dimensions":"","_coblocks_responsive_height":"","_coblocks_accordion_ie_support":"","inspiro_hide_title":false,"footnotes":""},"class_list":["post-10","page","type-page","status-publish","has-post-thumbnail","hentry"],"yoast_head":"<!-- This site is optimized with the Yoast SEO plugin v27.5 - https:\/\/yoast.com\/product\/yoast-seo-wordpress\/ -->\n<title>About CSLA - Canadian Senior Living Association<\/title>\n<meta name=\"robots\" content=\"index, follow, max-snippet:-1, max-image-preview:large, max-video-preview:-1\" \/>\n<link rel=\"canonical\" href=\"https:\/\/csla-arac.ca\/fr\/\" \/>\n<meta property=\"og:locale\" content=\"fr_CA\" \/>\n<meta property=\"og:type\" content=\"article\" \/>\n<meta property=\"og:title\" content=\"About CSLA - Canadian Senior Living Association\" \/>\n<meta property=\"og:description\" content=\"The Canadian Senior Living Association (CSLA) was founded in 2024 by the BC Care Providers Association, the Alberta Seniors and Community Housing Association (ASCHA), the Ontario Retirement Communities Association (ORCA), and le Regroupement qu\u00e9b\u00e9cois des r\u00e9sidences pour a\u00een\u00e9s (RQRA). Together, we advocate for seniors&#8217; issues on a national scale. CONTACT US Canadian Senior Living Association &hellip; Read more &quot;About CSLA&quot;\" \/>\n<meta property=\"og:url\" content=\"https:\/\/csla-arac.ca\/fr\/\" \/>\n<meta property=\"og:site_name\" content=\"Canadian Senior Living Association\" \/>\n<meta property=\"article:modified_time\" content=\"2025-10-27T15:59:35+00:00\" \/>\n<meta property=\"og:image\" content=\"https:\/\/csla-arac.ca\/wp-content\/uploads\/2024\/01\/CSLA-Web.png\" \/>\n\t<meta property=\"og:image:width\" content=\"900\" \/>\n\t<meta property=\"og:image:height\" content=\"800\" \/>\n\t<meta property=\"og:image:type\" content=\"image\/png\" \/>\n<meta name=\"twitter:card\" content=\"summary_large_image\" \/>\n<meta name=\"twitter:label1\" content=\"Estimation du temps de lecture\" \/>\n\t<meta name=\"twitter:data1\" content=\"1 minute\" \/>\n<script type=\"application\/ld+json\" class=\"yoast-schema-graph\">{\"@context\":\"https:\\\/\\\/schema.org\",\"@graph\":[{\"@type\":\"WebPage\",\"@id\":\"https:\\\/\\\/csla-arac.ca\\\/\",\"url\":\"https:\\\/\\\/csla-arac.ca\\\/\",\"name\":\"About CSLA - Canadian Senior Living Association\",\"isPartOf\":{\"@id\":\"https:\\\/\\\/csla-arac.ca\\\/#website\"},\"primaryImageOfPage\":{\"@id\":\"https:\\\/\\\/csla-arac.ca\\\/#primaryimage\"},\"image\":{\"@id\":\"https:\\\/\\\/csla-arac.ca\\\/#primaryimage\"},\"thumbnailUrl\":\"https:\\\/\\\/csla-arac.ca\\\/wp-content\\\/uploads\\\/2024\\\/01\\\/CSLA-Web.png\",\"datePublished\":\"2024-01-26T14:01:30+00:00\",\"dateModified\":\"2025-10-27T15:59:35+00:00\",\"breadcrumb\":{\"@id\":\"https:\\\/\\\/csla-arac.ca\\\/#breadcrumb\"},\"inLanguage\":\"fr-CA\",\"potentialAction\":[{\"@type\":\"ReadAction\",\"target\":[\"https:\\\/\\\/csla-arac.ca\\\/\"]}]},{\"@type\":\"ImageObject\",\"inLanguage\":\"fr-CA\",\"@id\":\"https:\\\/\\\/csla-arac.ca\\\/#primaryimage\",\"url\":\"https:\\\/\\\/csla-arac.ca\\\/wp-content\\\/uploads\\\/2024\\\/01\\\/CSLA-Web.png\",\"contentUrl\":\"https:\\\/\\\/csla-arac.ca\\\/wp-content\\\/uploads\\\/2024\\\/01\\\/CSLA-Web.png\",\"width\":900,\"height\":800},{\"@type\":\"BreadcrumbList\",\"@id\":\"https:\\\/\\\/csla-arac.ca\\\/#breadcrumb\",\"itemListElement\":[{\"@type\":\"ListItem\",\"position\":1,\"name\":\"Home\",\"item\":\"https:\\\/\\\/csla-arac.ca\\\/\"},{\"@type\":\"ListItem\",\"position\":2,\"name\":\"About CSLA\"}]},{\"@type\":\"WebSite\",\"@id\":\"https:\\\/\\\/csla-arac.ca\\\/#website\",\"url\":\"https:\\\/\\\/csla-arac.ca\\\/\",\"name\":\"Canadian Senior Living Association\",\"description\":\"The voice that elevates senior living\",\"publisher\":{\"@id\":\"https:\\\/\\\/csla-arac.ca\\\/#organization\"},\"potentialAction\":[{\"@type\":\"SearchAction\",\"target\":{\"@type\":\"EntryPoint\",\"urlTemplate\":\"https:\\\/\\\/csla-arac.ca\\\/?s={search_term_string}\"},\"query-input\":{\"@type\":\"PropertyValueSpecification\",\"valueRequired\":true,\"valueName\":\"search_term_string\"}}],\"inLanguage\":\"fr-CA\"},{\"@type\":\"Organization\",\"@id\":\"https:\\\/\\\/csla-arac.ca\\\/#organization\",\"name\":\"Canadian Senior Living Association\",\"url\":\"https:\\\/\\\/csla-arac.ca\\\/\",\"logo\":{\"@type\":\"ImageObject\",\"inLanguage\":\"fr-CA\",\"@id\":\"https:\\\/\\\/csla-arac.ca\\\/#\\\/schema\\\/logo\\\/image\\\/\",\"url\":\"https:\\\/\\\/csla-arac.ca\\\/wp-content\\\/uploads\\\/2024\\\/03\\\/cropped-cropped-image-2-2.png\",\"contentUrl\":\"https:\\\/\\\/csla-arac.ca\\\/wp-content\\\/uploads\\\/2024\\\/03\\\/cropped-cropped-image-2-2.png\",\"width\":764,\"height\":243,\"caption\":\"Canadian Senior Living Association\"},\"image\":{\"@id\":\"https:\\\/\\\/csla-arac.ca\\\/#\\\/schema\\\/logo\\\/image\\\/\"}}]}<\/script>\n<!-- \/ Yoast SEO plugin. -->","yoast_head_json":{"title":"About CSLA - Canadian Senior Living Association","robots":{"index":"index","follow":"follow","max-snippet":"max-snippet:-1","max-image-preview":"max-image-preview:large","max-video-preview":"max-video-preview:-1"},"canonical":"https:\/\/csla-arac.ca\/fr\/","og_locale":"fr_CA","og_type":"article","og_title":"About CSLA - Canadian Senior Living Association","og_description":"The Canadian Senior Living Association (CSLA) was founded in 2024 by the BC Care Providers Association, the Alberta Seniors and Community Housing Association (ASCHA), the Ontario Retirement Communities Association (ORCA), and le Regroupement qu\u00e9b\u00e9cois des r\u00e9sidences pour a\u00een\u00e9s (RQRA). Together, we advocate for seniors&#8217; issues on a national scale. CONTACT US Canadian Senior Living Association &hellip; Read more \"About CSLA\"","og_url":"https:\/\/csla-arac.ca\/fr\/","og_site_name":"Canadian Senior Living Association","article_modified_time":"2025-10-27T15:59:35+00:00","og_image":[{"width":900,"height":800,"url":"https:\/\/csla-arac.ca\/wp-content\/uploads\/2024\/01\/CSLA-Web.png","type":"image\/png"}],"twitter_card":"summary_large_image","twitter_misc":{"Estimation du temps de lecture":"1 minute"},"schema":{"@context":"https:\/\/schema.org","@graph":[{"@type":"WebPage","@id":"https:\/\/csla-arac.ca\/","url":"https:\/\/csla-arac.ca\/","name":"About CSLA - Canadian Senior Living Association","isPartOf":{"@id":"https:\/\/csla-arac.ca\/#website"},"primaryImageOfPage":{"@id":"https:\/\/csla-arac.ca\/#primaryimage"},"image":{"@id":"https:\/\/csla-arac.ca\/#primaryimage"},"thumbnailUrl":"https:\/\/csla-arac.ca\/wp-content\/uploads\/2024\/01\/CSLA-Web.png","datePublished":"2024-01-26T14:01:30+00:00","dateModified":"2025-10-27T15:59:35+00:00","breadcrumb":{"@id":"https:\/\/csla-arac.ca\/#breadcrumb"},"inLanguage":"fr-CA","potentialAction":[{"@type":"ReadAction","target":["https:\/\/csla-arac.ca\/"]}]},{"@type":"ImageObject","inLanguage":"fr-CA","@id":"https:\/\/csla-arac.ca\/#primaryimage","url":"https:\/\/csla-arac.ca\/wp-content\/uploads\/2024\/01\/CSLA-Web.png","contentUrl":"https:\/\/csla-arac.ca\/wp-content\/uploads\/2024\/01\/CSLA-Web.png","width":900,"height":800},{"@type":"BreadcrumbList","@id":"https:\/\/csla-arac.ca\/#breadcrumb","itemListElement":[{"@type":"ListItem","position":1,"name":"Home","item":"https:\/\/csla-arac.ca\/"},{"@type":"ListItem","position":2,"name":"About CSLA"}]},{"@type":"WebSite","@id":"https:\/\/csla-arac.ca\/#website","url":"https:\/\/csla-arac.ca\/","name":"L'Association des r\u00e9sidences pour a\u00een\u00e9s du Canada","description":"La voix qui \u00e9l\u00e8ve le niveau des r\u00e9sidences pour a\u00een\u00e9s \u00e0 travers le Canada","publisher":{"@id":"https:\/\/csla-arac.ca\/#organization"},"potentialAction":[{"@type":"SearchAction","target":{"@type":"EntryPoint","urlTemplate":"https:\/\/csla-arac.ca\/?s={search_term_string}"},"query-input":{"@type":"PropertyValueSpecification","valueRequired":true,"valueName":"search_term_string"}}],"inLanguage":"fr-CA"},{"@type":"Organization","@id":"https:\/\/csla-arac.ca\/#organization","name":"L'Association des r\u00e9sidences pour a\u00een\u00e9s du Canada","url":"https:\/\/csla-arac.ca\/","logo":{"@type":"ImageObject","inLanguage":"fr-CA","@id":"https:\/\/csla-arac.ca\/#\/schema\/logo\/image\/","url":"https:\/\/csla-arac.ca\/wp-content\/uploads\/2024\/03\/cropped-cropped-image-2-2.png","contentUrl":"https:\/\/csla-arac.ca\/wp-content\/uploads\/2024\/03\/cropped-cropped-image-2-2.png","width":764,"height":243,"caption":"Canadian Senior Living Association"},"image":{"@id":"https:\/\/csla-arac.ca\/#\/schema\/logo\/image\/"}}]}},"_links":{"self":[{"href":"https:\/\/csla-arac.ca\/fr\/wp-json\/wp\/v2\/pages\/10","targetHints":{"allow":["GET"]}}],"collection":[{"href":"https:\/\/csla-arac.ca\/fr\/wp-json\/wp\/v2\/pages"}],"about":[{"href":"https:\/\/csla-arac.ca\/fr\/wp-json\/wp\/v2\/types\/page"}],"author":[{"embeddable":true,"href":"https:\/\/csla-arac.ca\/fr\/wp-json\/wp\/v2\/users\/1"}],"replies":[{"embeddable":true,"href":"https:\/\/csla-arac.ca\/fr\/wp-json\/wp\/v2\/comments?post=10"}],"version-history":[{"count":41,"href":"https:\/\/csla-arac.ca\/fr\/wp-json\/wp\/v2\/pages\/10\/revisions"}],"predecessor-version":[{"id":889,"href":"https:\/\/csla-arac.ca\/fr\/wp-json\/wp\/v2\/pages\/10\/revisions\/889"}],"wp:featuredmedia":[{"embeddable":true,"href":"https:\/\/csla-arac.ca\/fr\/wp-json\/wp\/v2\/media\/22"}],"wp:attachment":[{"href":"https:\/\/csla-arac.ca\/fr\/wp-json\/wp\/v2\/media?parent=10"}],"curies":[{"name":"wp","href":"https:\/\/api.w.org\/{rel}","templated":true}]}}