{"id":154,"date":"2024-02-23T19:22:31","date_gmt":"2024-02-23T19:22:31","guid":{"rendered":"https:\/\/csla-arac.ca\/?page_id=154"},"modified":"2025-10-27T15:55:24","modified_gmt":"2025-10-27T15:55:24","slug":"members","status":"publish","type":"page","link":"https:\/\/csla-arac.ca\/fr\/members\/","title":{"rendered":"Nos membres"},"content":{"rendered":"<p style=\"margin-top:-70px;\">\n\n\n\n<p class=\"has-text-align-center\" style=\"font-size:22px\">Nos membres sont les associations provinciales participantes et li\u00e9es \u00e0 travers le Canada. <br>Pour en savoir plus, consultez leur profil et leur site web ci-dessous. <\/p>\n\n\n\n<div class=\"wp-block-coblocks-row coblocks-row-123114018957\" data-columns=\"2\" data-layout=\"50-50\"><div class=\"wp-block-coblocks-row__inner has-no-padding has-no-margin is-stacked-on-mobile has-medium-gutter\">\n<div class=\"wp-block-coblocks-column coblocks-column-123114024230\" style=\"width:50%\"><div class=\"wp-block-coblocks-column__inner has-no-padding has-no-margin\">\n<figure class=\"wp-block-image aligncenter size-full is-resized\"><img loading=\"lazy\" decoding=\"async\" width=\"310\" height=\"97\" src=\"https:\/\/csla-arac.ca\/wp-content\/uploads\/2024\/03\/RQRA-Member-French-2.jpg\" alt=\"\" class=\"wp-image-887\" style=\"width:256px;height:auto\" srcset=\"https:\/\/csla-arac.ca\/wp-content\/uploads\/2024\/03\/RQRA-Member-French-2.jpg 800w, https:\/\/csla-arac.ca\/wp-content\/uploads\/2024\/03\/RQRA-Member-French-2-300x150.jpg 300w, https:\/\/csla-arac.ca\/wp-content\/uploads\/2024\/03\/RQRA-Member-French-2-18x9.jpg 18w\" sizes=\"auto, (max-width: 310px) 100vw, 310px\" \/><\/figure>\n<\/div><\/div>\n\n\n\n<div class=\"wp-block-coblocks-column coblocks-column-123114024233\" style=\"width:50%\"><div class=\"wp-block-coblocks-column__inner has-no-padding has-no-margin\">\n<h3 class=\"wp-block-heading\">Regroupement qu\u00e9b\u00e9cois des r\u00e9sidences pour a\u00een\u00e9s (RQRA)<br><a href=\"https:\/\/www.rqra.qc.ca\">www.rqra.qc.ca<\/a><\/h3>\n\n\n\n<p style=\"font-size:18px\">Le RQRA est une organisation sans but lucratif, dont la mission est de repr\u00e9senter et de soutenir les r\u00e9sidences priv\u00e9es pour a\u00een\u00e9s du Qu\u00e9bec. Engag\u00e9s \u00e0 participer au mieux vieillir qu\u00e9b\u00e9cois, nous avons pour objectif d\u2019appuyer nos membres dans le d\u00e9veloppement d\u2019un milieu de vie agr\u00e9able et s\u00e9curitaire, offrant ainsi aux r\u00e9sidents la qualit\u00e9 de vie qu\u2019ils m\u00e9ritent.<\/p>\n<\/div><\/div>\n<\/div><\/div>\n\n\n\n<div style=\"height:15px\" aria-hidden=\"true\" class=\"wp-block-spacer\"><\/div>\n\n\n\n<div class=\"wp-block-coblocks-row coblocks-row-12311382218\" data-columns=\"2\" data-layout=\"50-50\"><div class=\"wp-block-coblocks-row__inner has-no-padding has-no-margin is-stacked-on-mobile has-medium-gutter\">\n<div class=\"wp-block-coblocks-column coblocks-column-123113826159\" style=\"width:50%\"><div class=\"wp-block-coblocks-column__inner has-no-padding has-no-margin\">\n<figure class=\"wp-block-image aligncenter size-full is-resized\"><img loading=\"lazy\" decoding=\"async\" width=\"173\" height=\"106\" src=\"https:\/\/csla-arac.ca\/wp-content\/uploads\/2024\/03\/ORCA-French-Member-2.jpg\" alt=\"\" class=\"wp-image-157\" style=\"width:217px;height:auto\" srcset=\"https:\/\/csla-arac.ca\/wp-content\/uploads\/2024\/03\/ORCA-French-Member-2.jpg 800w, https:\/\/csla-arac.ca\/wp-content\/uploads\/2024\/03\/ORCA-French-Member-2-300x150.jpg 300w, https:\/\/csla-arac.ca\/wp-content\/uploads\/2024\/03\/ORCA-French-Member-2-18x9.jpg 18w\" sizes=\"auto, (max-width: 173px) 100vw, 173px\" \/><\/figure>\n<\/div><\/div>\n\n\n\n<div class=\"wp-block-coblocks-column coblocks-column-123113826164\" style=\"width:50%\"><div class=\"wp-block-coblocks-column__inner has-no-padding has-no-margin\">\n<h3 class=\"wp-block-heading\">Ontario Retirement Communities Association (ORCA)<br><a href=\"http:\/\/www.orcaretirement.com\">www.orcaretirement.com<\/a><\/h3>\n\n\n\n<p style=\"font-size:18px\">L'ORCA repr\u00e9sente plus de 90 pourcent de toutes les maisons de retraite agr\u00e9\u00e9es de l'Ontario, employant 30 000 individus de premi\u00e8re ligne qui s'occupent de plus de 63 000 personnes \u00e2g\u00e9es qui choisissent d'habiter avec nous.<\/p>\n<\/div><\/div>\n<\/div><\/div>\n\n\n\n<div style=\"height:15px\" aria-hidden=\"true\" class=\"wp-block-spacer\"><\/div>\n\n\n\n<div class=\"wp-block-coblocks-row coblocks-row-123112627821\" data-columns=\"2\" data-layout=\"50-50\"><div class=\"wp-block-coblocks-row__inner has-no-padding has-no-margin is-stacked-on-mobile has-medium-gutter\">\n<div class=\"wp-block-coblocks-column coblocks-column-123112630167\" style=\"width:50%\"><div class=\"wp-block-coblocks-column__inner has-no-padding has-no-margin\">\n<figure class=\"wp-block-image aligncenter size-full is-resized\"><img loading=\"lazy\" decoding=\"async\" width=\"400\" height=\"265\" src=\"https:\/\/csla-arac.ca\/wp-content\/uploads\/2024\/03\/BC-French-Member-2.jpg\" alt=\"\" class=\"wp-image-155\" style=\"width:249px;height:auto\" srcset=\"https:\/\/csla-arac.ca\/wp-content\/uploads\/2024\/03\/BC-French-Member-2.jpg 800w, https:\/\/csla-arac.ca\/wp-content\/uploads\/2024\/03\/BC-French-Member-2-300x150.jpg 300w, https:\/\/csla-arac.ca\/wp-content\/uploads\/2024\/03\/BC-French-Member-2-18x9.jpg 18w\" sizes=\"auto, (max-width: 400px) 100vw, 400px\" \/><\/figure>\n<\/div><\/div>\n\n\n\n<div class=\"wp-block-coblocks-column coblocks-column-123112630172\" style=\"width:50%\"><div class=\"wp-block-coblocks-column__inner has-no-padding has-no-margin\">\n<h3 class=\"wp-block-heading\">BC Care Providers Association et EngAge BC<br><strong><a href=\"http:\/\/www.bccare.ca\">www.bccare.ca<\/a> <\/strong><\/h3>\n\n\n\n<p style=\"font-size:18px\">BC Care Providers Association (BCCPA) est le porte-parole du secteur des soins continus de la Colombie-Britannique. Nos membres, en pleine croissance, comprend plus de 450 membres du secteur des soins de longue dur\u00e9e, de l'aide \u00e0 la vie autonome et du secteur commercial de l'ensemble de la Colombie-Britannique. <\/p>\n<\/div><\/div>\n<\/div><\/div>\n\n\n\n<div style=\"height:15px\" aria-hidden=\"true\" class=\"wp-block-spacer\"><\/div>\n\n\n\n<div style=\"height:15px\" aria-hidden=\"true\" class=\"wp-block-spacer\"><\/div>\n\n\n\n<div style=\"height:15px\" aria-hidden=\"true\" class=\"wp-block-spacer\"><\/div>\n\n\n\n<div class=\"wp-block-coblocks-row coblocks-row-123113913453\" data-columns=\"2\" data-layout=\"50-50\"><div class=\"wp-block-coblocks-row__inner has-no-padding has-no-margin is-stacked-on-mobile has-medium-gutter\">\n<div class=\"wp-block-coblocks-column coblocks-column-123113945309\" style=\"width:50%\"><div class=\"wp-block-coblocks-column__inner has-no-padding has-no-margin\">\n<figure class=\"wp-block-image aligncenter size-full is-resized\"><img loading=\"lazy\" decoding=\"async\" width=\"300\" height=\"108\" src=\"https:\/\/csla-arac.ca\/wp-content\/uploads\/2024\/03\/A-French-Member.jpg\" alt=\"\" class=\"wp-image-158\" style=\"width:301px;height:auto\" srcset=\"https:\/\/csla-arac.ca\/wp-content\/uploads\/2024\/03\/A-French-Member.jpg 800w, https:\/\/csla-arac.ca\/wp-content\/uploads\/2024\/03\/A-French-Member-300x150.jpg 300w, https:\/\/csla-arac.ca\/wp-content\/uploads\/2024\/03\/A-French-Member-18x9.jpg 18w\" sizes=\"auto, (max-width: 300px) 100vw, 300px\" \/><\/figure>\n<\/div><\/div>\n\n\n\n<div class=\"wp-block-coblocks-column coblocks-column-123113945312\" style=\"width:50%\"><div class=\"wp-block-coblocks-column__inner has-no-padding has-no-margin\">\n<h3 class=\"wp-block-heading\">Alberta Seniors &amp; Community Housing Association (ASCHA)<br><a href=\"https:\/\/bccare.ca\/\">www.ascha.com<\/a><\/h3>\n\n\n\n<p style=\"font-size:18px\">L'ASCHA est une association \u00e0 but non lucratif dirig\u00e9e par ses membres qui agit comme un centre d'excellence pour la formation, les meilleures pratiques et les ressources afin d'aider les fournisseurs de logements \u00e0 fournir les meilleures aides aux Albertains qu'ils servent.<\/p>\n<\/div><\/div>\n<\/div><\/div>\n\n\n\n<div style=\"height:43px\" aria-hidden=\"true\" class=\"wp-block-spacer\"><\/div>\n\n\n\n<hr class=\"wp-block-separator has-alpha-channel-opacity\"\/>\n\n\n\n<p style=\"font-size:24px\"><span style=\"color: #054453;\"><strong>POUR NOUS JOINDRE<\/strong><\/span><\/p>\n\n\n\n<p style=\"margin-top:-20px;\">\n\n\n\n<div class=\"wp-block-group has-global-padding is-layout-constrained wp-block-group-is-layout-constrained\">\n<div class=\"wp-block-columns are-vertically-aligned-center is-layout-flex wp-container-core-columns-is-layout-28f84493 wp-block-columns-is-layout-flex\">\n<div class=\"wp-block-column is-vertically-aligned-center is-layout-flow wp-block-column-is-layout-flow\">\n<p style=\"font-size:18px\">L'Association des r\u00e9sidences pour a\u00een\u00e9s du Canada<br><br>360, prom. Oakville Place, pi\u00e8ce 101<br>Oakville (Ontario) L6H 6K8<br><br>Courriel: <a href=\"mailto:info@csla-arac.ca\">info@csla-arac.ca<\/a><\/p>\n\n\n\n<ul class=\"wp-block-social-links has-icon-color is-style-logos-only is-layout-flex wp-block-social-links-is-layout-flex\"><li style=\"color:#000000;\" class=\"wp-social-link wp-social-link-linkedin has-black-color wp-block-social-link\"><a href=\"https:\/\/www.linkedin.com\/company\/canadian-senior-living-association\" class=\"wp-block-social-link-anchor\"><svg width=\"24\" height=\"24\" viewbox=\"0 0 24 24\" version=\"1.1\" xmlns=\"http:\/\/www.w3.org\/2000\/svg\" aria-hidden=\"true\" focusable=\"false\"><path d=\"M19.7,3H4.3C3.582,3,3,3.582,3,4.3v15.4C3,20.418,3.582,21,4.3,21h15.4c0.718,0,1.3-0.582,1.3-1.3V4.3 C21,3.582,20.418,3,19.7,3z M8.339,18.338H5.667v-8.59h2.672V18.338z M7.004,8.574c-0.857,0-1.549-0.694-1.549-1.548 c0-0.855,0.691-1.548,1.549-1.548c0.854,0,1.547,0.694,1.547,1.548C8.551,7.881,7.858,8.574,7.004,8.574z M18.339,18.338h-2.669 v-4.177c0-0.996-0.017-2.278-1.387-2.278c-1.389,0-1.601,1.086-1.601,2.206v4.249h-2.667v-8.59h2.559v1.174h0.037 c0.356-0.675,1.227-1.387,2.526-1.387c2.703,0,3.203,1.779,3.203,4.092V18.338z\"><\/path><\/svg><span class=\"wp-block-social-link-label screen-reader-text\">LinkedIn<\/span><\/a><\/li><\/ul>\n<\/div>\n\n\n\n<div class=\"wp-block-column is-vertically-aligned-center is-layout-flow wp-block-column-is-layout-flow\">\n<div style=\"height:68px\" aria-hidden=\"true\" class=\"wp-block-spacer\"><\/div>\n\n\n\n<iframe src=\"https:\/\/www.google.com\/maps\/embed?pb=!1m18!1m12!1m3!1d2895.8305190248752!2d-79.68690072347704!3d43.46413536463796!2m3!1f0!2f0!3f0!3m2!1i1024!2i768!4f13.1!3m3!1m2!1s0x882b5cdb4983dabd%3A0x67bda3c0fd5fcf9a!2s360%20Oakville%20Pl%20Dr%2C%20Oakville%2C%20ON%20L6H%206K8!5e0!3m2!1sen!2sca!4v1708632975004!5m2!1sen!2sca\" width=\"600\" height=\"400\" style=\"border:0;\" allowfullscreen=\"\" loading=\"lazy\" referrerpolicy=\"no-referrer-when-downgrade\"><\/iframe>\n<\/div>\n<\/div>\n<\/div>\n\n\n\n<div style=\"height:100px\" aria-hidden=\"true\" class=\"wp-block-spacer\"><\/div>","protected":false},"excerpt":{"rendered":"<p>Our members consist of different senior living associations across Canada. Learn more about them by viewing their profiles and websites below. CONTACT US Canadian Senior Living Association 360 Oakville Place Drive, Suite 101Oakville, ON L6H 6K8 Email: info@csla-arac.ca<\/p>","protected":false},"author":1,"featured_media":0,"parent":0,"menu_order":0,"comment_status":"closed","ping_status":"closed","template":"","meta":{"_coblocks_attr":"","_coblocks_dimensions":"","_coblocks_responsive_height":"","_coblocks_accordion_ie_support":"","inspiro_hide_title":false,"footnotes":""},"class_list":["post-154","page","type-page","status-publish","hentry"],"yoast_head":"<!-- This site is optimized with the Yoast SEO plugin v27.4 - https:\/\/yoast.com\/product\/yoast-seo-wordpress\/ -->\n<title>Our Members - Canadian Senior Living Association<\/title>\n<meta name=\"robots\" content=\"index, follow, max-snippet:-1, max-image-preview:large, max-video-preview:-1\" \/>\n<link rel=\"canonical\" href=\"https:\/\/csla-arac.ca\/fr\/members\/\" \/>\n<meta property=\"og:locale\" content=\"fr_CA\" \/>\n<meta property=\"og:type\" content=\"article\" \/>\n<meta property=\"og:title\" content=\"Our Members - Canadian Senior Living Association\" \/>\n<meta property=\"og:description\" content=\"Our members consist of different senior living associations across Canada. Learn more about them by viewing their profiles and websites below. CONTACT US Canadian Senior Living Association 360 Oakville Place Drive, Suite 101Oakville, ON L6H 6K8 Email: info@csla-arac.ca\" \/>\n<meta property=\"og:url\" content=\"https:\/\/csla-arac.ca\/fr\/members\/\" \/>\n<meta property=\"og:site_name\" content=\"Canadian Senior Living Association\" \/>\n<meta property=\"article:modified_time\" content=\"2025-10-27T15:55:24+00:00\" \/>\n<meta property=\"og:image\" content=\"https:\/\/csla-arac.ca\/wp-content\/uploads\/2025\/10\/BCCPA_logo_web_transparent_small-1.png\" \/>\n\t<meta property=\"og:image:width\" content=\"310\" \/>\n\t<meta property=\"og:image:height\" content=\"97\" \/>\n\t<meta property=\"og:image:type\" content=\"image\/png\" \/>\n<meta name=\"twitter:card\" content=\"summary_large_image\" \/>\n<meta name=\"twitter:label1\" content=\"Estimation du temps de lecture\" \/>\n\t<meta name=\"twitter:data1\" content=\"2 minutes\" \/>\n<script type=\"application\/ld+json\" class=\"yoast-schema-graph\">{\"@context\":\"https:\\\/\\\/schema.org\",\"@graph\":[{\"@type\":\"WebPage\",\"@id\":\"https:\\\/\\\/csla-arac.ca\\\/members\\\/\",\"url\":\"https:\\\/\\\/csla-arac.ca\\\/members\\\/\",\"name\":\"Our Members - Canadian Senior Living Association\",\"isPartOf\":{\"@id\":\"https:\\\/\\\/csla-arac.ca\\\/#website\"},\"primaryImageOfPage\":{\"@id\":\"https:\\\/\\\/csla-arac.ca\\\/members\\\/#primaryimage\"},\"image\":{\"@id\":\"https:\\\/\\\/csla-arac.ca\\\/members\\\/#primaryimage\"},\"thumbnailUrl\":\"https:\\\/\\\/csla-arac.ca\\\/wp-content\\\/uploads\\\/2025\\\/10\\\/BCCPA_logo_web_transparent_small-1.png\",\"datePublished\":\"2024-02-23T19:22:31+00:00\",\"dateModified\":\"2025-10-27T15:55:24+00:00\",\"breadcrumb\":{\"@id\":\"https:\\\/\\\/csla-arac.ca\\\/members\\\/#breadcrumb\"},\"inLanguage\":\"fr-CA\",\"potentialAction\":[{\"@type\":\"ReadAction\",\"target\":[\"https:\\\/\\\/csla-arac.ca\\\/members\\\/\"]}]},{\"@type\":\"ImageObject\",\"inLanguage\":\"fr-CA\",\"@id\":\"https:\\\/\\\/csla-arac.ca\\\/members\\\/#primaryimage\",\"url\":\"https:\\\/\\\/csla-arac.ca\\\/wp-content\\\/uploads\\\/2025\\\/10\\\/BCCPA_logo_web_transparent_small-1.png\",\"contentUrl\":\"https:\\\/\\\/csla-arac.ca\\\/wp-content\\\/uploads\\\/2025\\\/10\\\/BCCPA_logo_web_transparent_small-1.png\"},{\"@type\":\"BreadcrumbList\",\"@id\":\"https:\\\/\\\/csla-arac.ca\\\/members\\\/#breadcrumb\",\"itemListElement\":[{\"@type\":\"ListItem\",\"position\":1,\"name\":\"Home\",\"item\":\"https:\\\/\\\/csla-arac.ca\\\/\"},{\"@type\":\"ListItem\",\"position\":2,\"name\":\"Our Members\"}]},{\"@type\":\"WebSite\",\"@id\":\"https:\\\/\\\/csla-arac.ca\\\/#website\",\"url\":\"https:\\\/\\\/csla-arac.ca\\\/\",\"name\":\"Canadian Senior Living Association\",\"description\":\"The voice that elevates senior living\",\"publisher\":{\"@id\":\"https:\\\/\\\/csla-arac.ca\\\/#organization\"},\"potentialAction\":[{\"@type\":\"SearchAction\",\"target\":{\"@type\":\"EntryPoint\",\"urlTemplate\":\"https:\\\/\\\/csla-arac.ca\\\/?s={search_term_string}\"},\"query-input\":{\"@type\":\"PropertyValueSpecification\",\"valueRequired\":true,\"valueName\":\"search_term_string\"}}],\"inLanguage\":\"fr-CA\"},{\"@type\":\"Organization\",\"@id\":\"https:\\\/\\\/csla-arac.ca\\\/#organization\",\"name\":\"Canadian Senior Living Association\",\"url\":\"https:\\\/\\\/csla-arac.ca\\\/\",\"logo\":{\"@type\":\"ImageObject\",\"inLanguage\":\"fr-CA\",\"@id\":\"https:\\\/\\\/csla-arac.ca\\\/#\\\/schema\\\/logo\\\/image\\\/\",\"url\":\"https:\\\/\\\/csla-arac.ca\\\/wp-content\\\/uploads\\\/2024\\\/03\\\/cropped-cropped-image-2-2.png\",\"contentUrl\":\"https:\\\/\\\/csla-arac.ca\\\/wp-content\\\/uploads\\\/2024\\\/03\\\/cropped-cropped-image-2-2.png\",\"width\":764,\"height\":243,\"caption\":\"Canadian Senior Living Association\"},\"image\":{\"@id\":\"https:\\\/\\\/csla-arac.ca\\\/#\\\/schema\\\/logo\\\/image\\\/\"}}]}<\/script>\n<!-- \/ Yoast SEO plugin. -->","yoast_head_json":{"title":"Our Members - Canadian Senior Living Association","robots":{"index":"index","follow":"follow","max-snippet":"max-snippet:-1","max-image-preview":"max-image-preview:large","max-video-preview":"max-video-preview:-1"},"canonical":"https:\/\/csla-arac.ca\/fr\/members\/","og_locale":"fr_CA","og_type":"article","og_title":"Our Members - Canadian Senior Living Association","og_description":"Our members consist of different senior living associations across Canada. Learn more about them by viewing their profiles and websites below. CONTACT US Canadian Senior Living Association 360 Oakville Place Drive, Suite 101Oakville, ON L6H 6K8 Email: info@csla-arac.ca","og_url":"https:\/\/csla-arac.ca\/fr\/members\/","og_site_name":"Canadian Senior Living Association","article_modified_time":"2025-10-27T15:55:24+00:00","og_image":[{"width":310,"height":97,"url":"https:\/\/csla-arac.ca\/wp-content\/uploads\/2025\/10\/BCCPA_logo_web_transparent_small-1.png","type":"image\/png"}],"twitter_card":"summary_large_image","twitter_misc":{"Estimation du temps de lecture":"2 minutes"},"schema":{"@context":"https:\/\/schema.org","@graph":[{"@type":"WebPage","@id":"https:\/\/csla-arac.ca\/members\/","url":"https:\/\/csla-arac.ca\/members\/","name":"Our Members - Canadian Senior Living Association","isPartOf":{"@id":"https:\/\/csla-arac.ca\/#website"},"primaryImageOfPage":{"@id":"https:\/\/csla-arac.ca\/members\/#primaryimage"},"image":{"@id":"https:\/\/csla-arac.ca\/members\/#primaryimage"},"thumbnailUrl":"https:\/\/csla-arac.ca\/wp-content\/uploads\/2025\/10\/BCCPA_logo_web_transparent_small-1.png","datePublished":"2024-02-23T19:22:31+00:00","dateModified":"2025-10-27T15:55:24+00:00","breadcrumb":{"@id":"https:\/\/csla-arac.ca\/members\/#breadcrumb"},"inLanguage":"fr-CA","potentialAction":[{"@type":"ReadAction","target":["https:\/\/csla-arac.ca\/members\/"]}]},{"@type":"ImageObject","inLanguage":"fr-CA","@id":"https:\/\/csla-arac.ca\/members\/#primaryimage","url":"https:\/\/csla-arac.ca\/wp-content\/uploads\/2025\/10\/BCCPA_logo_web_transparent_small-1.png","contentUrl":"https:\/\/csla-arac.ca\/wp-content\/uploads\/2025\/10\/BCCPA_logo_web_transparent_small-1.png"},{"@type":"BreadcrumbList","@id":"https:\/\/csla-arac.ca\/members\/#breadcrumb","itemListElement":[{"@type":"ListItem","position":1,"name":"Home","item":"https:\/\/csla-arac.ca\/"},{"@type":"ListItem","position":2,"name":"Our Members"}]},{"@type":"WebSite","@id":"https:\/\/csla-arac.ca\/#website","url":"https:\/\/csla-arac.ca\/","name":"L'Association des r\u00e9sidences pour a\u00een\u00e9s du Canada","description":"La voix qui \u00e9l\u00e8ve le niveau des r\u00e9sidences pour a\u00een\u00e9s \u00e0 travers le Canada","publisher":{"@id":"https:\/\/csla-arac.ca\/#organization"},"potentialAction":[{"@type":"SearchAction","target":{"@type":"EntryPoint","urlTemplate":"https:\/\/csla-arac.ca\/?s={search_term_string}"},"query-input":{"@type":"PropertyValueSpecification","valueRequired":true,"valueName":"search_term_string"}}],"inLanguage":"fr-CA"},{"@type":"Organization","@id":"https:\/\/csla-arac.ca\/#organization","name":"L'Association des r\u00e9sidences pour a\u00een\u00e9s du Canada","url":"https:\/\/csla-arac.ca\/","logo":{"@type":"ImageObject","inLanguage":"fr-CA","@id":"https:\/\/csla-arac.ca\/#\/schema\/logo\/image\/","url":"https:\/\/csla-arac.ca\/wp-content\/uploads\/2024\/03\/cropped-cropped-image-2-2.png","contentUrl":"https:\/\/csla-arac.ca\/wp-content\/uploads\/2024\/03\/cropped-cropped-image-2-2.png","width":764,"height":243,"caption":"Canadian Senior Living Association"},"image":{"@id":"https:\/\/csla-arac.ca\/#\/schema\/logo\/image\/"}}]}},"_links":{"self":[{"href":"https:\/\/csla-arac.ca\/fr\/wp-json\/wp\/v2\/pages\/154","targetHints":{"allow":["GET"]}}],"collection":[{"href":"https:\/\/csla-arac.ca\/fr\/wp-json\/wp\/v2\/pages"}],"about":[{"href":"https:\/\/csla-arac.ca\/fr\/wp-json\/wp\/v2\/types\/page"}],"author":[{"embeddable":true,"href":"https:\/\/csla-arac.ca\/fr\/wp-json\/wp\/v2\/users\/1"}],"replies":[{"embeddable":true,"href":"https:\/\/csla-arac.ca\/fr\/wp-json\/wp\/v2\/comments?post=154"}],"version-history":[{"count":28,"href":"https:\/\/csla-arac.ca\/fr\/wp-json\/wp\/v2\/pages\/154\/revisions"}],"predecessor-version":[{"id":888,"href":"https:\/\/csla-arac.ca\/fr\/wp-json\/wp\/v2\/pages\/154\/revisions\/888"}],"wp:attachment":[{"href":"https:\/\/csla-arac.ca\/fr\/wp-json\/wp\/v2\/media?parent=154"}],"curies":[{"name":"wp","href":"https:\/\/api.w.org\/{rel}","templated":true}]}}