{"id":95,"date":"2024-02-22T15:46:41","date_gmt":"2024-02-22T15:46:41","guid":{"rendered":"https:\/\/csla-arac.ca\/?page_id=95"},"modified":"2024-03-25T15:03:56","modified_gmt":"2024-03-25T15:03:56","slug":"what-we-do","status":"publish","type":"page","link":"https:\/\/csla-arac.ca\/fr\/what-we-do\/","title":{"rendered":"Que faisons nous"},"content":{"rendered":"<p style=\"margin-top:-70px;\">\n\n\n\n<p style=\"font-size:24px\"><span style=\"color: #05445e;\"><strong>VISION<\/strong><\/span><\/p>\n\n\n\n<p style=\"font-size:20px\">La voix qui \u00e9l\u00e8ve la position des r\u00e9sidences pour a\u00een\u00e9s \u00e0 travers le Canada.<\/p>\n\n\n\n<p style=\"font-size:24px\"><span style=\"color: #054453;\"><strong>MISSION<\/strong><\/span><\/p>\n\n\n\n<p style=\"font-size:20px\">Nous rassemblons les associations provinciales afin de favoriser la collaboration, le partage de l'information et la reconnaissance des pratiques exemplaires. Nous d\u00e9sirons promouvoir des changements et d'intervenir sur des enjeux afin d'offrir des choix aux a\u00een\u00e9s, att\u00e9nuer les pressions sur les soins de sant\u00e9 publics et proposer des solutions tangibles pour r\u00e9soudre la crise nationale du logement.<\/p>\n\n\n\n<p style=\"font-size:24px\"><span style=\"color: #05445e;\"><strong>PRIORIT\u00c9S<\/strong><\/span><\/p>\n\n\n\n<ul class=\"wp-block-list\" style=\"font-size:20px\">\n<li>R\u00e9affirmer le r\u00f4le des r\u00e9sidences pour a\u00een\u00e9s dans le continuum des services de logement, de soins et de soutien aux personnes \u00e2g\u00e9es.<\/li>\n\n\n\n<li>Plaider en faveur de politiques fiscales abordant la question de l'accessibilit\u00e9 financi\u00e8re des a\u00een\u00e9s vivant en r\u00e9sidence.<\/li>\n\n\n\n<li>Contribuer aux strat\u00e9gies f\u00e9d\u00e9rales en mati\u00e8re d'immigration pour faciliter l'acc\u00e8s \u00e0 la main-d'\u0153uvre.&nbsp; &nbsp;<\/li>\n\n\n\n<li>Plaider pour des politiques f\u00e9d\u00e9rales facilitant et att\u00e9nuant les obstacles \u00e0 l'investissement en r\u00e9sidences pour a\u00een\u00e9s.<\/li>\n<\/ul>\n\n\n\n<p style=\"margin-top:70px;\">\n\n\n\n<hr class=\"wp-block-separator has-alpha-channel-opacity\"\/>\n\n\n\n<p style=\"font-size:24px\"><span style=\"color: #05445e;\"><strong>POUR NOUS JOINDRE<\/strong><\/span><\/p>\n\n\n\n<p style=\"margin-top:-20px;\">\n\n\n\n<div class=\"wp-block-group has-global-padding is-layout-constrained wp-block-group-is-layout-constrained\">\n<div class=\"wp-block-columns are-vertically-aligned-center is-layout-flex wp-container-core-columns-is-layout-28f84493 wp-block-columns-is-layout-flex\">\n<div class=\"wp-block-column is-vertically-aligned-center is-layout-flow wp-block-column-is-layout-flow\">\n<p style=\"font-size:18px\">L'Association des r\u00e9sidences pour a\u00een\u00e9s du Canada<\/p>\n\n\n\n<p style=\"font-size:18px\">360, prom. Oakville Place, pi\u00e8ce 101<br>Oakville (Ontario) L6H 6K8<br><br>Courriel: <a href=\"mailto:info@csla-arac.ca\">info@csla-arac.ca<\/a><\/p>\n\n\n\n<ul class=\"wp-block-social-links has-icon-color is-style-logos-only is-layout-flex wp-block-social-links-is-layout-flex\"><li style=\"color:#000000;\" class=\"wp-social-link wp-social-link-linkedin has-black-color wp-block-social-link\"><a href=\"https:\/\/www.linkedin.com\/company\/canadian-senior-living-association\" class=\"wp-block-social-link-anchor\"><svg width=\"24\" height=\"24\" viewbox=\"0 0 24 24\" version=\"1.1\" xmlns=\"http:\/\/www.w3.org\/2000\/svg\" aria-hidden=\"true\" focusable=\"false\"><path d=\"M19.7,3H4.3C3.582,3,3,3.582,3,4.3v15.4C3,20.418,3.582,21,4.3,21h15.4c0.718,0,1.3-0.582,1.3-1.3V4.3 C21,3.582,20.418,3,19.7,3z M8.339,18.338H5.667v-8.59h2.672V18.338z M7.004,8.574c-0.857,0-1.549-0.694-1.549-1.548 c0-0.855,0.691-1.548,1.549-1.548c0.854,0,1.547,0.694,1.547,1.548C8.551,7.881,7.858,8.574,7.004,8.574z M18.339,18.338h-2.669 v-4.177c0-0.996-0.017-2.278-1.387-2.278c-1.389,0-1.601,1.086-1.601,2.206v4.249h-2.667v-8.59h2.559v1.174h0.037 c0.356-0.675,1.227-1.387,2.526-1.387c2.703,0,3.203,1.779,3.203,4.092V18.338z\"><\/path><\/svg><span class=\"wp-block-social-link-label screen-reader-text\">LinkedIn<\/span><\/a><\/li><\/ul>\n<\/div>\n\n\n\n<div class=\"wp-block-column is-vertically-aligned-center is-layout-flow wp-block-column-is-layout-flow\">\n<div style=\"height:68px\" aria-hidden=\"true\" class=\"wp-block-spacer\"><\/div>\n\n\n\n<iframe src=\"https:\/\/www.google.com\/maps\/embed?pb=!1m18!1m12!1m3!1d2895.8305190248366!2d-79.68690072390163!3d43.464135364638764!2m3!1f0!2f0!3f0!3m2!1i1024!2i768!4f13.1!3m3!1m2!1s0x882b5cdb4983dabd%3A0x67bda3c0fd5fcf9a!2s360%20Oakville%20Pl%20Dr%2C%20Oakville%2C%20ON%20L6H%206K8!5e0!3m2!1sen!2sca!4v1708546108828!5m2!1sen!2sca\" width=\"600\" height=\"400\" style=\"border:0;\" allowfullscreen=\"\" loading=\"lazy\" referrerpolicy=\"no-referrer-when-downgrade\"><\/iframe>\n<\/div>\n<\/div>\n<\/div>","protected":false},"excerpt":{"rendered":"<p>VISION The voice that elevates senior living across Canada. MISSION We connect provincial associations to support collaboration, drive federal advocacy, share information and best practices, and promote change that will help provide choice to seniors, help alleviate pressures on public health care and tangible solutions to assist with addressing the national housing crisis. PRIORITIES CONTACT &hellip; <\/p>\n<p class=\"link-more\"><a href=\"https:\/\/csla-arac.ca\/fr\/what-we-do\/\" class=\"more-link\">Read more<span class=\"screen-reader-text\"> &#8220;What We Do&#8221;<\/span><\/a><\/p>","protected":false},"author":1,"featured_media":0,"parent":0,"menu_order":0,"comment_status":"closed","ping_status":"closed","template":"","meta":{"_coblocks_attr":"","_coblocks_dimensions":"","_coblocks_responsive_height":"","_coblocks_accordion_ie_support":"","inspiro_hide_title":false,"footnotes":""},"class_list":["post-95","page","type-page","status-publish","hentry"],"yoast_head":"<!-- This site is optimized with the Yoast SEO plugin v27.4 - https:\/\/yoast.com\/product\/yoast-seo-wordpress\/ -->\n<title>What We Do - Canadian Senior Living Association<\/title>\n<meta name=\"robots\" content=\"index, follow, max-snippet:-1, max-image-preview:large, max-video-preview:-1\" \/>\n<link rel=\"canonical\" href=\"https:\/\/csla-arac.ca\/fr\/what-we-do\/\" \/>\n<meta property=\"og:locale\" content=\"fr_CA\" \/>\n<meta property=\"og:type\" content=\"article\" \/>\n<meta property=\"og:title\" content=\"What We Do - Canadian Senior Living Association\" \/>\n<meta property=\"og:description\" content=\"VISION The voice that elevates senior living across Canada. MISSION We connect provincial associations to support collaboration, drive federal advocacy, share information and best practices, and promote change that will help provide choice to seniors, help alleviate pressures on public health care and tangible solutions to assist with addressing the national housing crisis. PRIORITIES CONTACT &hellip; Read more &quot;What We Do&quot;\" \/>\n<meta property=\"og:url\" content=\"https:\/\/csla-arac.ca\/fr\/what-we-do\/\" \/>\n<meta property=\"og:site_name\" content=\"Canadian Senior Living Association\" \/>\n<meta property=\"article:modified_time\" content=\"2024-03-25T15:03:56+00:00\" \/>\n<meta name=\"twitter:card\" content=\"summary_large_image\" \/>\n<meta name=\"twitter:label1\" content=\"Estimation du temps de lecture\" \/>\n\t<meta name=\"twitter:data1\" content=\"1 minute\" \/>\n<script type=\"application\/ld+json\" class=\"yoast-schema-graph\">{\"@context\":\"https:\\\/\\\/schema.org\",\"@graph\":[{\"@type\":\"WebPage\",\"@id\":\"https:\\\/\\\/csla-arac.ca\\\/what-we-do\\\/\",\"url\":\"https:\\\/\\\/csla-arac.ca\\\/what-we-do\\\/\",\"name\":\"What We Do - Canadian Senior Living Association\",\"isPartOf\":{\"@id\":\"https:\\\/\\\/csla-arac.ca\\\/#website\"},\"datePublished\":\"2024-02-22T15:46:41+00:00\",\"dateModified\":\"2024-03-25T15:03:56+00:00\",\"breadcrumb\":{\"@id\":\"https:\\\/\\\/csla-arac.ca\\\/what-we-do\\\/#breadcrumb\"},\"inLanguage\":\"fr-CA\",\"potentialAction\":[{\"@type\":\"ReadAction\",\"target\":[\"https:\\\/\\\/csla-arac.ca\\\/what-we-do\\\/\"]}]},{\"@type\":\"BreadcrumbList\",\"@id\":\"https:\\\/\\\/csla-arac.ca\\\/what-we-do\\\/#breadcrumb\",\"itemListElement\":[{\"@type\":\"ListItem\",\"position\":1,\"name\":\"Home\",\"item\":\"https:\\\/\\\/csla-arac.ca\\\/\"},{\"@type\":\"ListItem\",\"position\":2,\"name\":\"What We Do\"}]},{\"@type\":\"WebSite\",\"@id\":\"https:\\\/\\\/csla-arac.ca\\\/#website\",\"url\":\"https:\\\/\\\/csla-arac.ca\\\/\",\"name\":\"Canadian Senior Living Association\",\"description\":\"The voice that elevates senior living\",\"publisher\":{\"@id\":\"https:\\\/\\\/csla-arac.ca\\\/#organization\"},\"potentialAction\":[{\"@type\":\"SearchAction\",\"target\":{\"@type\":\"EntryPoint\",\"urlTemplate\":\"https:\\\/\\\/csla-arac.ca\\\/?s={search_term_string}\"},\"query-input\":{\"@type\":\"PropertyValueSpecification\",\"valueRequired\":true,\"valueName\":\"search_term_string\"}}],\"inLanguage\":\"fr-CA\"},{\"@type\":\"Organization\",\"@id\":\"https:\\\/\\\/csla-arac.ca\\\/#organization\",\"name\":\"Canadian Senior Living Association\",\"url\":\"https:\\\/\\\/csla-arac.ca\\\/\",\"logo\":{\"@type\":\"ImageObject\",\"inLanguage\":\"fr-CA\",\"@id\":\"https:\\\/\\\/csla-arac.ca\\\/#\\\/schema\\\/logo\\\/image\\\/\",\"url\":\"https:\\\/\\\/csla-arac.ca\\\/wp-content\\\/uploads\\\/2024\\\/03\\\/cropped-cropped-image-2-2.png\",\"contentUrl\":\"https:\\\/\\\/csla-arac.ca\\\/wp-content\\\/uploads\\\/2024\\\/03\\\/cropped-cropped-image-2-2.png\",\"width\":764,\"height\":243,\"caption\":\"Canadian Senior Living Association\"},\"image\":{\"@id\":\"https:\\\/\\\/csla-arac.ca\\\/#\\\/schema\\\/logo\\\/image\\\/\"}}]}<\/script>\n<!-- \/ Yoast SEO plugin. -->","yoast_head_json":{"title":"What We Do - Canadian Senior Living Association","robots":{"index":"index","follow":"follow","max-snippet":"max-snippet:-1","max-image-preview":"max-image-preview:large","max-video-preview":"max-video-preview:-1"},"canonical":"https:\/\/csla-arac.ca\/fr\/what-we-do\/","og_locale":"fr_CA","og_type":"article","og_title":"What We Do - Canadian Senior Living Association","og_description":"VISION The voice that elevates senior living across Canada. MISSION We connect provincial associations to support collaboration, drive federal advocacy, share information and best practices, and promote change that will help provide choice to seniors, help alleviate pressures on public health care and tangible solutions to assist with addressing the national housing crisis. PRIORITIES CONTACT &hellip; Read more \"What We Do\"","og_url":"https:\/\/csla-arac.ca\/fr\/what-we-do\/","og_site_name":"Canadian Senior Living Association","article_modified_time":"2024-03-25T15:03:56+00:00","twitter_card":"summary_large_image","twitter_misc":{"Estimation du temps de lecture":"1 minute"},"schema":{"@context":"https:\/\/schema.org","@graph":[{"@type":"WebPage","@id":"https:\/\/csla-arac.ca\/what-we-do\/","url":"https:\/\/csla-arac.ca\/what-we-do\/","name":"What We Do - Canadian Senior Living Association","isPartOf":{"@id":"https:\/\/csla-arac.ca\/#website"},"datePublished":"2024-02-22T15:46:41+00:00","dateModified":"2024-03-25T15:03:56+00:00","breadcrumb":{"@id":"https:\/\/csla-arac.ca\/what-we-do\/#breadcrumb"},"inLanguage":"fr-CA","potentialAction":[{"@type":"ReadAction","target":["https:\/\/csla-arac.ca\/what-we-do\/"]}]},{"@type":"BreadcrumbList","@id":"https:\/\/csla-arac.ca\/what-we-do\/#breadcrumb","itemListElement":[{"@type":"ListItem","position":1,"name":"Home","item":"https:\/\/csla-arac.ca\/"},{"@type":"ListItem","position":2,"name":"What We Do"}]},{"@type":"WebSite","@id":"https:\/\/csla-arac.ca\/#website","url":"https:\/\/csla-arac.ca\/","name":"L'Association des r\u00e9sidences pour a\u00een\u00e9s du Canada","description":"La voix qui \u00e9l\u00e8ve le niveau des r\u00e9sidences pour a\u00een\u00e9s \u00e0 travers le Canada","publisher":{"@id":"https:\/\/csla-arac.ca\/#organization"},"potentialAction":[{"@type":"SearchAction","target":{"@type":"EntryPoint","urlTemplate":"https:\/\/csla-arac.ca\/?s={search_term_string}"},"query-input":{"@type":"PropertyValueSpecification","valueRequired":true,"valueName":"search_term_string"}}],"inLanguage":"fr-CA"},{"@type":"Organization","@id":"https:\/\/csla-arac.ca\/#organization","name":"L'Association des r\u00e9sidences pour a\u00een\u00e9s du Canada","url":"https:\/\/csla-arac.ca\/","logo":{"@type":"ImageObject","inLanguage":"fr-CA","@id":"https:\/\/csla-arac.ca\/#\/schema\/logo\/image\/","url":"https:\/\/csla-arac.ca\/wp-content\/uploads\/2024\/03\/cropped-cropped-image-2-2.png","contentUrl":"https:\/\/csla-arac.ca\/wp-content\/uploads\/2024\/03\/cropped-cropped-image-2-2.png","width":764,"height":243,"caption":"Canadian Senior Living Association"},"image":{"@id":"https:\/\/csla-arac.ca\/#\/schema\/logo\/image\/"}}]}},"_links":{"self":[{"href":"https:\/\/csla-arac.ca\/fr\/wp-json\/wp\/v2\/pages\/95","targetHints":{"allow":["GET"]}}],"collection":[{"href":"https:\/\/csla-arac.ca\/fr\/wp-json\/wp\/v2\/pages"}],"about":[{"href":"https:\/\/csla-arac.ca\/fr\/wp-json\/wp\/v2\/types\/page"}],"author":[{"embeddable":true,"href":"https:\/\/csla-arac.ca\/fr\/wp-json\/wp\/v2\/users\/1"}],"replies":[{"embeddable":true,"href":"https:\/\/csla-arac.ca\/fr\/wp-json\/wp\/v2\/comments?post=95"}],"version-history":[{"count":40,"href":"https:\/\/csla-arac.ca\/fr\/wp-json\/wp\/v2\/pages\/95\/revisions"}],"predecessor-version":[{"id":504,"href":"https:\/\/csla-arac.ca\/fr\/wp-json\/wp\/v2\/pages\/95\/revisions\/504"}],"wp:attachment":[{"href":"https:\/\/csla-arac.ca\/fr\/wp-json\/wp\/v2\/media?parent=95"}],"curies":[{"name":"wp","href":"https:\/\/api.w.org\/{rel}","templated":true}]}}